{"id":934,"date":"2020-03-16T16:43:04","date_gmt":"2020-03-16T16:43:04","guid":{"rendered":"http:\/\/risingtofreedom.com\/?page_id=934"},"modified":"2022-06-09T18:25:20","modified_gmt":"2022-06-09T18:25:20","slug":"welcome","status":"publish","type":"page","link":"https:\/\/risingtofreedom.com\/de\/","title":{"rendered":"Welcome"},"content":{"rendered":"\n<div class=\"alignfull wp-block-ugb-header ugb-header ugb-375e343 ugb-header ugb-header--v3 ugb-header--design-plain ugb-main-block ugb--has-custom-content-width-mobile ugb--hide-mobile ugb-main-block--inner-center ugb--has-block-background ugb--has-background-overlay\"><style>.ugb-375e343.ugb-header{min-height:713px;justify-content:center;align-items:center;background-image:url(http:\/\/risingtofreedom.com\/wp-content\/uploads\/2020\/03\/Quote-Delay.jpg)}.ugb-375e343.ugb-header:before{opacity:0.5}@media screen and (min-width:768px){.ugb-375e343.ugb-header{margin-top:-150px !important;margin-bottom:99px !important}}@media screen and (max-width:768px){.ugb-375e343 .ugb-inner-block{text-align:left}.ugb-375e343.ugb-header{padding-right:500px !important;padding-left:0px !important;justify-content:center}.ugb-375e343.ugb-header > .ugb-inner-block{max-width:1000% !important}}@media screen and (-ms-high-contrast:active),screen and (-ms-high-contrast:none){.ugb-375e343.ugb-header{height:713px}}<\/style><div class=\"ugb-inner-block ugb-inner-block--center\"><div class=\"ugb-block-content\"><div class=\"ugb-header__item\"><div class=\"ugb-content-wrapper\"><\/div><\/div><\/div><\/div><\/div>\n\n\n\n<h2 class=\"has-text-align-center\">Vorteile <br>von <br>Life Coaching<\/h2>\n\n\n\n<div class=\"wp-block-ugb-card ugb-card ugb-ac4e9d8 ugb-card--v2 ugb-card--design-basic ugb-card--columns-3 ugb-main-block\"><style>.ugb-ac4e9d8 .ugb-card__title,.ugb-ac4e9d8 .ugb-card__subtitle,.ugb-ac4e9d8 .ugb-card__description,.ugb-ac4e9d8 .ugb-button-container{text-align:center}.ugb-ac4e9d8 .ugb-card__item{background-color:#f8f4eb !important}.ugb-ac4e9d8 .ugb-card__item:before{background-color:#f8f4eb !important}.ugb-ac4e9d8 .ugb-card__title{color:#222222 !important}.ugb-ac4e9d8 .ugb-card__subtitle{color:#222222 !important}.ugb-ac4e9d8 .ugb-card__description{color:#222222 !important}.ugb-ac4e9d8 .ugb-inner-block{text-align:center}@media screen and (max-width:1025px){.ugb-ac4e9d8 .ugb-card__title,.ugb-ac4e9d8 .ugb-card__subtitle,.ugb-ac4e9d8 .ugb-card__description,.ugb-ac4e9d8 .ugb-button-container{text-align:center}.ugb-ac4e9d8 .ugb-inner-block{text-align:center}}@media screen and (max-width:768px){.ugb-ac4e9d8 .ugb-card__title,.ugb-ac4e9d8 .ugb-card__subtitle,.ugb-ac4e9d8 .ugb-card__description,.ugb-ac4e9d8 .ugb-button-container{text-align:center}.ugb-ac4e9d8 .ugb-inner-block{text-align:center}}<\/style><div class=\"ugb-inner-block\"><div class=\"ugb-block-content\"><div class=\"ugb-card__item ugb-card__item1 ugb--shadow-5\"><div class=\"ugb-card__content\"><h4 class=\"ugb-card__title\">Sinn und Zweck<\/h4><p class=\"ugb-card__description\">Entdecke den Sinn deines Lebens und das unendliche Potential, das in dir schlummert. Finde mehr \u00fcber den Motor heraus, der dich antreibt, sowie \u00fcber deine Werte und wie du dein Leben danach ausrichten kannst.<\/p><\/div><\/div><div class=\"ugb-card__item ugb-card__item2 ugb--shadow-5\"><div class=\"ugb-card__content\"><h4 class=\"ugb-card__title\">Transformation<\/h4><p class=\"ugb-card__description\">Betrachte deine Gewohnheiten, Gedankenmuster und Gef\u00fchle und gewinne daraus die Instrumente, um dauerhafte \u00c4nderungen zu erzielen sowie die Ver\u00e4nderung zu der Person, die du sein m\u00f6chtest.<\/p><\/div><\/div><div class=\"ugb-card__item ugb-card__item3 ugb--shadow-5\"><div class=\"ugb-card__content\"><h4 class=\"ugb-card__title\">Erhebe dich wie ein Phoenix<\/h4><p class=\"ugb-card__description\">\u00dcberlege, wo du stehst und wohin du m\u00f6chtest, n\u00fctze dein Wissen aus vergangenen Erfahrungen und bahne dir einen Weg durch die Schwierigkeiten, die dir ein Hindernis sind. Bewege dich in Richtung deiner W\u00fcnsche und Ziele und erhebe dich wie Phoenix aus der Asche.<\/p><\/div><\/div><\/div><\/div><\/div>\n\n\n\n<ul class=\"wp-block-social-links aligncenter\"><li class=\"wp-social-link wp-social-link-facebook wp-block-social-link\"><a href=\"https:\/\/www.facebook.com\/groups\/1422089518130290\" aria-label=\"Facebook\"  class=\"wp-block-social-link-anchor\"> <svg width=\"24\" height=\"24\" viewBox=\"0 0 24 24\" version=\"1.1\" xmlns=\"http:\/\/www.w3.org\/2000\/svg\" role=\"img\" aria-hidden=\"true\" focusable=\"false\"><path d=\"M12 2C6.5 2 2 6.5 2 12c0 5 3.7 9.1 8.4 9.9v-7H7.9V12h2.5V9.8c0-2.5 1.5-3.9 3.8-3.9 1.1 0 2.2.2 2.2.2v2.5h-1.3c-1.2 0-1.6.8-1.6 1.6V12h2.8l-.4 2.9h-2.3v7C18.3 21.1 22 17 22 12c0-5.5-4.5-10-10-10z\"><\/path><\/svg><\/a><\/li>\n\n<li class=\"wp-social-link wp-social-link-instagram wp-block-social-link\"><a href=\"https:\/\/www.instagram.com\/martinschoendorfer\/\" aria-label=\"Instagram\"  class=\"wp-block-social-link-anchor\"> <svg width=\"24\" height=\"24\" viewBox=\"0 0 24 24\" version=\"1.1\" xmlns=\"http:\/\/www.w3.org\/2000\/svg\" role=\"img\" aria-hidden=\"true\" focusable=\"false\"><path d=\"M12,4.622c2.403,0,2.688,0.009,3.637,0.052c0.877,0.04,1.354,0.187,1.671,0.31c0.42,0.163,0.72,0.358,1.035,0.673 c0.315,0.315,0.51,0.615,0.673,1.035c0.123,0.317,0.27,0.794,0.31,1.671c0.043,0.949,0.052,1.234,0.052,3.637 s-0.009,2.688-0.052,3.637c-0.04,0.877-0.187,1.354-0.31,1.671c-0.163,0.42-0.358,0.72-0.673,1.035 c-0.315,0.315-0.615,0.51-1.035,0.673c-0.317,0.123-0.794,0.27-1.671,0.31c-0.949,0.043-1.233,0.052-3.637,0.052 s-2.688-0.009-3.637-0.052c-0.877-0.04-1.354-0.187-1.671-0.31c-0.42-0.163-0.72-0.358-1.035-0.673 c-0.315-0.315-0.51-0.615-0.673-1.035c-0.123-0.317-0.27-0.794-0.31-1.671C4.631,14.688,4.622,14.403,4.622,12 s0.009-2.688,0.052-3.637c0.04-0.877,0.187-1.354,0.31-1.671c0.163-0.42,0.358-0.72,0.673-1.035 c0.315-0.315,0.615-0.51,1.035-0.673c0.317-0.123,0.794-0.27,1.671-0.31C9.312,4.631,9.597,4.622,12,4.622 M12,3 C9.556,3,9.249,3.01,8.289,3.054C7.331,3.098,6.677,3.25,6.105,3.472C5.513,3.702,5.011,4.01,4.511,4.511 c-0.5,0.5-0.808,1.002-1.038,1.594C3.25,6.677,3.098,7.331,3.054,8.289C3.01,9.249,3,9.556,3,12c0,2.444,0.01,2.751,0.054,3.711 c0.044,0.958,0.196,1.612,0.418,2.185c0.23,0.592,0.538,1.094,1.038,1.594c0.5,0.5,1.002,0.808,1.594,1.038 c0.572,0.222,1.227,0.375,2.185,0.418C9.249,20.99,9.556,21,12,21s2.751-0.01,3.711-0.054c0.958-0.044,1.612-0.196,2.185-0.418 c0.592-0.23,1.094-0.538,1.594-1.038c0.5-0.5,0.808-1.002,1.038-1.594c0.222-0.572,0.375-1.227,0.418-2.185 C20.99,14.751,21,14.444,21,12s-0.01-2.751-0.054-3.711c-0.044-0.958-0.196-1.612-0.418-2.185c-0.23-0.592-0.538-1.094-1.038-1.594 c-0.5-0.5-1.002-0.808-1.594-1.038c-0.572-0.222-1.227-0.375-2.185-0.418C14.751,3.01,14.444,3,12,3L12,3z M12,7.378 c-2.552,0-4.622,2.069-4.622,4.622S9.448,16.622,12,16.622s4.622-2.069,4.622-4.622S14.552,7.378,12,7.378z M12,15 c-1.657,0-3-1.343-3-3s1.343-3,3-3s3,1.343,3,3S13.657,15,12,15z M16.804,6.116c-0.596,0-1.08,0.484-1.08,1.08 s0.484,1.08,1.08,1.08c0.596,0,1.08-0.484,1.08-1.08S17.401,6.116,16.804,6.116z\"><\/path><\/svg><\/a><\/li>\n\n<li class=\"wp-social-link wp-social-link-linkedin wp-block-social-link\"><a href=\"https:\/\/www.linkedin.com\/in\/martin-schoendorfer-certified-life-coach\/\" aria-label=\"LinkedIn\"  class=\"wp-block-social-link-anchor\"> <svg width=\"24\" height=\"24\" viewBox=\"0 0 24 24\" version=\"1.1\" xmlns=\"http:\/\/www.w3.org\/2000\/svg\" role=\"img\" aria-hidden=\"true\" focusable=\"false\"><path d=\"M19.7,3H4.3C3.582,3,3,3.582,3,4.3v15.4C3,20.418,3.582,21,4.3,21h15.4c0.718,0,1.3-0.582,1.3-1.3V4.3 C21,3.582,20.418,3,19.7,3z M8.339,18.338H5.667v-8.59h2.672V18.338z M7.004,8.574c-0.857,0-1.549-0.694-1.549-1.548 c0-0.855,0.691-1.548,1.549-1.548c0.854,0,1.547,0.694,1.547,1.548C8.551,7.881,7.858,8.574,7.004,8.574z M18.339,18.338h-2.669 v-4.177c0-0.996-0.017-2.278-1.387-2.278c-1.389,0-1.601,1.086-1.601,2.206v4.249h-2.667v-8.59h2.559v1.174h0.037 c0.356-0.675,1.227-1.387,2.526-1.387c2.703,0,3.203,1.779,3.203,4.092V18.338z\"><\/path><\/svg><\/a><\/li>\n\n\n\n<\/ul>\n\n\n\n<p><\/p>\n","protected":false},"excerpt":{"rendered":"<p>Vorteile von Life Coaching<\/p>\n","protected":false},"author":1,"featured_media":0,"parent":0,"menu_order":0,"comment_status":"closed","ping_status":"closed","template":"templates\/full-width-page.php","meta":[],"translation":{"provider":"WPGlobus","version":"2.6.8","language":"de","enabled_languages":["en","de"],"languages":{"en":{"title":true,"content":true,"excerpt":false},"de":{"title":false,"content":true,"excerpt":false}}},"featured_image_urls":{"full":"","thumbnail":"","medium":"","medium_large":"","large":"","1536x1536":"","2048x2048":"","post-thumbnail":"","bold-photography-testimonial":"","bold-photography-stats":"","bold-photography-team":"","bold-photography-logo-slider":"","bold-photography-portfolio":""},"post_excerpt_stackable":"<p>Vorteile von Life Coaching Sinn und ZweckEntdecke den Sinn deines Lebens und das unendliche Potential, das in dir schlummert. Finde mehr \u00fcber den Motor heraus, der dich antreibt, sowie \u00fcber deine Werte und wie du dein Leben danach ausrichten kannst.TransformationBetrachte deine Gewohnheiten, Gedankenmuster und Gef\u00fchle und gewinne daraus die Instrumente, um dauerhafte \u00c4nderungen zu erzielen sowie die Ver\u00e4nderung zu der Person, die du sein m\u00f6chtest.Erhebe dich wie ein Phoenix\u00dcberlege, wo du stehst und wohin du m\u00f6chtest, n\u00fctze dein Wissen aus vergangenen Erfahrungen und bahne dir einen Weg durch die Schwierigkeiten, die dir ein Hindernis sind. Bewege dich in Richtung deiner&hellip;<\/p>\n","category_list":"","author_info":{"name":"mars04","url":"https:\/\/risingtofreedom.com\/de\/author\/mars04\/"},"comments_num":"0 comments","_links":{"self":[{"href":"https:\/\/risingtofreedom.com\/de\/wp-json\/wp\/v2\/pages\/934"}],"collection":[{"href":"https:\/\/risingtofreedom.com\/de\/wp-json\/wp\/v2\/pages"}],"about":[{"href":"https:\/\/risingtofreedom.com\/de\/wp-json\/wp\/v2\/types\/page"}],"author":[{"embeddable":true,"href":"https:\/\/risingtofreedom.com\/de\/wp-json\/wp\/v2\/users\/1"}],"replies":[{"embeddable":true,"href":"https:\/\/risingtofreedom.com\/de\/wp-json\/wp\/v2\/comments?post=934"}],"version-history":[{"count":10,"href":"https:\/\/risingtofreedom.com\/de\/wp-json\/wp\/v2\/pages\/934\/revisions"}],"predecessor-version":[{"id":1858,"href":"https:\/\/risingtofreedom.com\/de\/wp-json\/wp\/v2\/pages\/934\/revisions\/1858"}],"wp:attachment":[{"href":"https:\/\/risingtofreedom.com\/de\/wp-json\/wp\/v2\/media?parent=934"}],"curies":[{"name":"wp","href":"https:\/\/api.w.org\/{rel}","templated":true}]}}