{"id":795,"date":"2020-03-15T13:58:16","date_gmt":"2020-03-15T13:58:16","guid":{"rendered":"http:\/\/risingtofreedom.com\/?page_id=795"},"modified":"2023-02-22T18:21:24","modified_gmt":"2023-02-22T18:21:24","slug":"services","status":"publish","type":"page","link":"https:\/\/risingtofreedom.com\/de\/services\/","title":{"rendered":"Erhebe dich wie ein Phoenix"},"content":{"rendered":"\n<div class=\"alignfull wp-block-ugb-pricing-box ugb-pricing-box ugb-67adec9 ugb-pricing-box--v3 ugb-pricing-box--columns-1 ugb-pricing-box--design-basic ugb-main-block ugb-main-block--inner-center ugb--has-block-background ugb--has-background-overlay\"><style>.ugb-67adec9 .ugb-pricing-box__item{border-radius:0px !important;background-color:rgba(47,47,47,0.9) !important}.ugb-67adec9 .ugb-pricing-box__item:before{background-color:#2f2f2f !important}.ugb-67adec9 .ugb-pricing-box__title{color:#ffffff;text-align:center;margin-bottom:50px !important}.ugb-67adec9 .ugb-pricing-box__description{color:#ffffff;text-align:center !important}.ugb-67adec9 .ugb-inner-block{text-align:center}.ugb-67adec9.ugb-pricing-box{background-color:#000000;background-attachment:fixed;background-image:url(http:\/\/risingtofreedom.com\/wp-content\/uploads\/2020\/03\/DSC01659-scaled.jpg)}.ugb-67adec9.ugb-pricing-box:before{background-color:#000000;opacity:0}.ugb-67adec9 .ugb-block-title{font-size:36px !important;font-weight:300 !important;color:#ffffff}.ugb-67adec9 .ugb-block-description{color:#ffffff}<\/style><div class=\"ugb-inner-block ugb-inner-block--center\"><h4 class=\"ugb-block-title ugb-block-title--with-subtitle\">Weltweit kommt es zu einer massiven Bewusstseinsver\u00e4nderung, jedoch die Unsicherheit sowie aktuelle Ereignisse und externe Einfl\u00fcsse, die viele von uns betreffen, geben uns auch eine Chance, uns wieder auf uns selbst zu besinnen. Es liegt an uns, nicht nur irgendeinen Weg durch diese Situation zu finden, sondern auch zu \u00fcberdenken, wie wir leben und wer wir sein wollen. Wenn wir uns dazu entschlie\u00dfen, k\u00f6nnen wir uns wie Phoenix aus der Asche erheben und andere dabei unterst\u00fctzen, es uns gleichzutun.<\/h4><p class=\"ugb-block-description\"><br><br><\/p><div class=\"ugb-block-content\"><div class=\"ugb-pricing-box__item ugb-pricing-box__item1 ugb--shadow-0\"><p class=\"ugb-pricing-box__description\">Klicke den Button &#8216;Beginne jetzt deine Reise&#8217; um ein unverbindliches Erstgespr\u00e4ch zu buchen, damit wir \u00fcber ein f\u00fcr dich passendes Programm sprechen k\u00f6nnen, da jede Coaching-Reise individuell geplant und durchgef\u00fchrt wird.<br><br><\/p><\/div><\/div><\/div><\/div>\n\n\n\n<p><\/p>\n\n\n\n<div class=\"wp-block-columns\">\n<div class=\"wp-block-column\">\n<div class=\"wp-block-buttons\">\n<div class=\"wp-block-button\"><a class=\"wp-block-button__link\" href=\"https:\/\/calendly.com\/risingtofreedom\/lets-chat?month=2022-06\" target=\"_blank\" rel=\"noreferrer noopener\">beginne jetzt deine reise<\/a><\/div>\n<\/div>\n<\/div>\n\n\n\n<div class=\"wp-block-column\">\n<p><\/p>\n<\/div>\n<\/div>\n\n\n\n<blockquote class=\"wp-block-ugb-blockquote ugb-blockquote ugb-7d92d6c ugb-blockquote--v3 ugb-blockquote--design-plain ugb-main-block\"><style>.ugb-7d92d6c .ugb-blockquote__quote{width:70px !important;height:70px !important}<\/style><div class=\"ugb-inner-block\"><div class=\"ugb-block-content\"><div class=\"ugb-blockquote__item\"><svg viewbox=\"0 0 50 50\" xmlns=\"http:\/\/www.w3.org\/2000\/svg\" class=\"ugb-blockquote__quote\" width=\"70\" height=\"70\"><path d=\"M19.8 9.3C10.5 11.8 4.6 17 2.1 24.8c2.3-3.6 5.6-5.4 9.9-5.4 3.3 0 6 1.1 8.3 3.3 2.2 2.2 3.4 5 3.4 8.3 0 3.2-1.1 5.8-3.3 8-2.2 2.2-5.1 3.2-8.7 3.2-3.7 0-6.5-1.2-8.6-3.5C1 36.3 0 33.1 0 29 0 18.3 6.5 11.2 19.6 7.9l.2 1.4zm26.4 0C36.9 11.9 31 17 28.5 24.8c2.2-3.6 5.5-5.4 9.8-5.4 3.2 0 6 1.1 8.3 3.2 2.3 2.2 3.4 4.9 3.4 8.3 0 3.1-1.1 5.8-3.3 7.9-2.2 2.2-5.1 3.3-8.6 3.3-3.7 0-6.6-1.1-8.6-3.4-2.1-2.3-3.1-5.5-3.1-9.7 0-10.7 6.6-17.8 19.7-21.1l.1 1.4z\"><\/path><\/svg><div class=\"ugb-blockquote__content\"><p class=\"ugb-blockquote__text\">Es ist nicht&nbsp;<a href=\"http:\/\/zitate.net\/genug-zitate\">genug<\/a>&nbsp;zu&nbsp;<a href=\"http:\/\/zitate.net\/wissen-zitate\">wissen<\/a>&nbsp;&#8211; man muss auch&nbsp;<a href=\"http:\/\/zitate.net\/anwenden-zitate\">anwenden<\/a>. Es ist nicht genug zu&nbsp;<a href=\"http:\/\/zitate.net\/wollen-zitate\">wollen<\/a>&nbsp;&#8211; man muss auch&nbsp;<a href=\"http:\/\/zitate.net\/tun-zitate\">tun<\/a>.<br>&#8211; Johann Wolfgang von Goethe<\/p><\/div><\/div><\/div><\/div><\/blockquote>\n","protected":false},"excerpt":{"rendered":"","protected":false},"author":1,"featured_media":0,"parent":0,"menu_order":0,"comment_status":"closed","ping_status":"closed","template":"","meta":[],"translation":{"provider":"WPGlobus","version":"2.6.8","language":"de","enabled_languages":["en","de"],"languages":{"en":{"title":true,"content":true,"excerpt":false},"de":{"title":true,"content":true,"excerpt":false}}},"featured_image_urls":{"full":"","thumbnail":"","medium":"","medium_large":"","large":"","1536x1536":"","2048x2048":"","post-thumbnail":"","bold-photography-testimonial":"","bold-photography-stats":"","bold-photography-team":"","bold-photography-logo-slider":"","bold-photography-portfolio":""},"post_excerpt_stackable":"<p>Weltweit kommt es zu einer massiven Bewusstseinsver\u00e4nderung, jedoch die Unsicherheit sowie aktuelle Ereignisse und externe Einfl\u00fcsse, die viele von uns betreffen, geben uns auch eine Chance, uns wieder auf uns selbst zu besinnen. Es liegt an uns, nicht nur irgendeinen Weg durch diese Situation zu finden, sondern auch zu \u00fcberdenken, wie wir leben und wer wir sein wollen. Wenn wir uns dazu entschlie\u00dfen, k\u00f6nnen wir uns wie Phoenix aus der Asche erheben und andere dabei unterst\u00fctzen, es uns gleichzutun.Klicke den Button &#8216;Beginne jetzt deine Reise&#8217; um ein unverbindliches Erstgespr\u00e4ch zu buchen, damit wir \u00fcber ein f\u00fcr dich passendes Programm sprechen&hellip;<\/p>\n","category_list":"","author_info":{"name":"mars04","url":"https:\/\/risingtofreedom.com\/de\/author\/mars04\/"},"comments_num":"0 comments","_links":{"self":[{"href":"https:\/\/risingtofreedom.com\/de\/wp-json\/wp\/v2\/pages\/795"}],"collection":[{"href":"https:\/\/risingtofreedom.com\/de\/wp-json\/wp\/v2\/pages"}],"about":[{"href":"https:\/\/risingtofreedom.com\/de\/wp-json\/wp\/v2\/types\/page"}],"author":[{"embeddable":true,"href":"https:\/\/risingtofreedom.com\/de\/wp-json\/wp\/v2\/users\/1"}],"replies":[{"embeddable":true,"href":"https:\/\/risingtofreedom.com\/de\/wp-json\/wp\/v2\/comments?post=795"}],"version-history":[{"count":9,"href":"https:\/\/risingtofreedom.com\/de\/wp-json\/wp\/v2\/pages\/795\/revisions"}],"predecessor-version":[{"id":1880,"href":"https:\/\/risingtofreedom.com\/de\/wp-json\/wp\/v2\/pages\/795\/revisions\/1880"}],"wp:attachment":[{"href":"https:\/\/risingtofreedom.com\/de\/wp-json\/wp\/v2\/media?parent=795"}],"curies":[{"name":"wp","href":"https:\/\/api.w.org\/{rel}","templated":true}]}}