{"id":325,"date":"2020-03-15T12:36:25","date_gmt":"2020-03-15T12:36:25","guid":{"rendered":"http:\/\/risingtofreedom.com\/?page_id=325"},"modified":"2022-06-09T18:20:51","modified_gmt":"2022-06-09T18:20:51","slug":"contact-me","status":"publish","type":"page","link":"https:\/\/risingtofreedom.com\/de\/contact-me\/","title":{"rendered":"Kontakt"},"content":{"rendered":"\n<p>Wenn du bereit bist, den ersten Schritt in Richtung Ver\u00e4nderung zu tun oder wenn du Fragen hast, kontaktiere mich bitte, damit wir umgehend ein kostenloses Erstgespr\u00e4ch vereinbaren k\u00f6nnen. Dein Anliegen ist mir wichtig!<\/p>\n\n\n\n<div class=\"wp-block-ugb-button ugb-button-wrapper ugb-042a31d ugb-main-block\"><div class=\"ugb-inner-block\"><div class=\"ugb-block-content\"><div class=\"ugb-button-container\"><a class=\"ugb-button1 ugb-button ugb-button--size-normal\" href=\"https:\/\/calendly.com\/risingtofreedom\/lets-chat?month=2022-06\" target=\"_blank\" rel=\"noopener noreferrer\" title=\"\"><span class=\"ugb-button--inner\">Kostenloses Erstgespr\u00e4ch<\/span><\/a><\/div><\/div><\/div><\/div>\n\n\n\n<p>oder sende mir eine E-Mail an:<br><a href=\"mailto:coaching@risingtofreedom.com\" target=\"_blank\" rel=\"noreferrer noopener\"><em>coaching@risingtofreedom.com<\/em><\/a><\/p>\n","protected":false},"excerpt":{"rendered":"<p>Wenn du bereit bist, den ersten Schritt in Richtung Ver\u00e4nderung zu tun oder wenn du Fragen hast, kontaktiere mich bitte, damit wir umgehend ein kostenloses Erstgespr\u00e4ch vereinbaren k\u00f6nnen. Dein Anliegen<\/p>\n<p class=\"more-link\"><a href=\"https:\/\/risingtofreedom.com\/de\/contact-me\/\" class=\"readmore\">Continue reading<span class=\"screen-reader-text\">Kontakt<\/span><\/a><\/p>\n","protected":false},"author":1,"featured_media":0,"parent":0,"menu_order":0,"comment_status":"closed","ping_status":"closed","template":"","meta":[],"translation":{"provider":"WPGlobus","version":"2.6.8","language":"de","enabled_languages":["en","de"],"languages":{"en":{"title":true,"content":true,"excerpt":false},"de":{"title":true,"content":true,"excerpt":false}}},"featured_image_urls":{"full":"","thumbnail":"","medium":"","medium_large":"","large":"","1536x1536":"","2048x2048":"","post-thumbnail":"","bold-photography-testimonial":"","bold-photography-stats":"","bold-photography-team":"","bold-photography-logo-slider":"","bold-photography-portfolio":""},"post_excerpt_stackable":"<p>Wenn du bereit bist, den ersten Schritt in Richtung Ver\u00e4nderung zu tun oder wenn du Fragen hast, kontaktiere mich bitte, damit wir umgehend ein kostenloses Erstgespr\u00e4ch vereinbaren k\u00f6nnen. Dein Anliegen ist mir wichtig! Kostenloses Erstgespr\u00e4ch oder sende mir eine E-Mail an:coaching@risingtofreedom.com<\/p>\n","category_list":"","author_info":{"name":"mars04","url":"https:\/\/risingtofreedom.com\/de\/author\/mars04\/"},"comments_num":"0 comments","_links":{"self":[{"href":"https:\/\/risingtofreedom.com\/de\/wp-json\/wp\/v2\/pages\/325"}],"collection":[{"href":"https:\/\/risingtofreedom.com\/de\/wp-json\/wp\/v2\/pages"}],"about":[{"href":"https:\/\/risingtofreedom.com\/de\/wp-json\/wp\/v2\/types\/page"}],"author":[{"embeddable":true,"href":"https:\/\/risingtofreedom.com\/de\/wp-json\/wp\/v2\/users\/1"}],"replies":[{"embeddable":true,"href":"https:\/\/risingtofreedom.com\/de\/wp-json\/wp\/v2\/comments?post=325"}],"version-history":[{"count":10,"href":"https:\/\/risingtofreedom.com\/de\/wp-json\/wp\/v2\/pages\/325\/revisions"}],"predecessor-version":[{"id":1851,"href":"https:\/\/risingtofreedom.com\/de\/wp-json\/wp\/v2\/pages\/325\/revisions\/1851"}],"wp:attachment":[{"href":"https:\/\/risingtofreedom.com\/de\/wp-json\/wp\/v2\/media?parent=325"}],"curies":[{"name":"wp","href":"https:\/\/api.w.org\/{rel}","templated":true}]}}