{"id":1274,"date":"2020-04-13T17:23:49","date_gmt":"2020-04-13T17:23:49","guid":{"rendered":"http:\/\/risingtofreedom.com\/?page_id=1274"},"modified":"2023-02-22T18:15:22","modified_gmt":"2023-02-22T18:15:22","slug":"life-coaching","status":"publish","type":"page","link":"https:\/\/risingtofreedom.com\/de\/life-coaching\/","title":{"rendered":"Life Coaching"},"content":{"rendered":"\n<div class=\"wp-block-ugb-container ugb-container ugb-357b312 ugb-container--v2 ugb-container--design-basic ugb-main-block ugb--has-custom-content-width\"><style>.ugb-357b312-wrapper.ugb-container__wrapper{border-radius:10px !important;background-color:#f8f4eb !important}.ugb-357b312-wrapper.ugb-container__wrapper:before{background-color:#f8f4eb !important}.ugb-357b312-content-wrapper > h1,.ugb-357b312-content-wrapper > h2,.ugb-357b312-content-wrapper > h3,.ugb-357b312-content-wrapper > h4,.ugb-357b312-content-wrapper > h5,.ugb-357b312-content-wrapper > h6{color:#222222}.ugb-357b312-content-wrapper > p,.ugb-357b312-content-wrapper > ol li,.ugb-357b312-content-wrapper > ul li{color:#222222}.ugb-357b312 .ugb-inner-block{text-align:left}.ugb-357b312.ugb-container > .ugb-inner-block{max-width:2000px !important}@media screen and (min-width:768px){.ugb-357b312.ugb-container{margin-top:-50px !important;margin-right:-200px !important;margin-left:-200px !important}}@media screen and (max-width:768px){.ugb-357b312-content-wrapper.ugb-container__content-wrapper{width:100% !important}.ugb-357b312 .ugb-inner-block{text-align:left}}<\/style><div class=\"ugb-inner-block\"><div class=\"ugb-block-content\"><div class=\"ugb-container__wrapper ugb-357b312-wrapper\"><div class=\"ugb-container__side\"><div class=\"ugb-container__content-wrapper ugb-357b312-content-wrapper\">\n<h2>Life Coaching<\/h2>\n\n\n\n<p><strong><em>Gibt es eine Kluft zwischen der momentanen Realit\u00e4t und dem Leben, das du gerne f\u00fchren m\u00f6chtest, dem Leben, das du verdienst?<\/em><\/strong><\/p>\n\n\n\n<p>Wenn ja, dann bietet dir Life Coaching die Gelegenheit, mehr herauszufinden \u00fcber deine Ziele und deine Tr\u00e4ume, sowie den Lebenssinn und besser zu verstehen, wer du wirklich bist. Es er\u00f6ffnet dir die M\u00f6glichkeit, deine Gewohnheiten, deine Verhaltensmuster und die Art und Weise, wie du dich selbst siehst, zu hinterfragen und zu \u00e4ndern.<\/p>\n\n\n\n<p>Ich bin \u00fcberzeugt: <em>Wenn du denkst, dass dir das Leben doch mehr bieten m\u00fcsste als im Moment, dann wird da wohl etwas Wahres dran sein.<\/em><\/p>\n\n\n\n<div class=\"wp-block-group\"><div class=\"wp-block-group__inner-container\">\n<p><strong>Fragst du dich\u2026.<\/strong><br><\/p>\n<\/div><\/div>\n\n\n\n<ul><li>\u201eWer bin ich wirklich?\u201c<\/li><li>\u201eWas blockiert mich und warum bin ich orientierungslos?\u201c<\/li><li>\u201eWarum trete ich auf der Stelle und kann meine Ziele nicht erreichen?\u201c<\/li><li>\u201eBin ich bereit f\u00fcr Ver\u00e4nderung?\u201c<\/li><\/ul>\n\n\n\n<p><strong>M\u00f6chtest du\u2026.<\/strong><br><\/p>\n\n\n\n<ul><li>den wahren Sinn entdecken, Erf\u00fcllung, Inspiration und Motivation erfahren?<\/li><li>in deine Gef\u00fchle, Werte und auch Verletzlichkeiten eintauchen und diese verstehen?<\/li><li>dass dich jemand unterst\u00fctzt, herausfordert und dich auf deinem Weg begleitet?<\/li><\/ul>\n\n\n\n<figure class=\"wp-block-image size-large\"><img loading=\"lazy\" width=\"1024\" height=\"768\" src=\"http:\/\/risingtofreedom.com\/wp-content\/uploads\/2020\/03\/IMG_20190808_063032-1024x768.jpg\" alt=\"\" class=\"wp-image-982\" srcset=\"https:\/\/risingtofreedom.com\/wp-content\/uploads\/2020\/03\/IMG_20190808_063032-1024x768.jpg 1024w, https:\/\/risingtofreedom.com\/wp-content\/uploads\/2020\/03\/IMG_20190808_063032-300x225.jpg 300w, https:\/\/risingtofreedom.com\/wp-content\/uploads\/2020\/03\/IMG_20190808_063032-768x576.jpg 768w, https:\/\/risingtofreedom.com\/wp-content\/uploads\/2020\/03\/IMG_20190808_063032-1536x1152.jpg 1536w, https:\/\/risingtofreedom.com\/wp-content\/uploads\/2020\/03\/IMG_20190808_063032-2048x1536.jpg 2048w\" sizes=\"(max-width: 1024px) 100vw, 1024px\" \/><\/figure>\n\n\n\n<p>Mein Zugang ist ganzheitlich, psychologisch und integrativ, deshalb schaue ich auf die Gesamtheit deiner Person \u2013 K\u00f6rper, Geist und Seele.<br>Ich sehe meine Klienten nicht als &#8216;gebrochen&#8217;, auch &#8216;helfe&#8217; ich ihnen nicht, ich <em>unterst\u00fctze <\/em>sie. <br>Vielleicht<em> f\u00fchlst <\/em>du dich als w\u00e4rst du gebrochen, du bist jedoch ganz.<\/p>\n\n\n\n<p>Da es keinen allgemeing\u00fcltigen Zugang gibt, ist auch die Art und Weise, wie ich arbeite, unterschiedlich, anpassend und sich entwickelnd, abh\u00e4ngig von deinen W\u00fcnschen und Bed\u00fcrfnissen; die Bandbreite geht dabei von offenen Fragen, einem leichten Ansto\u00df um dich herauszufordern, deine Komfortzone zu verlassen, bis dahin, auch einmal schweigend nachzusinnen. Damit das auch funktioniert, ist es sehr wichtig, eine gute Verbindung aufzubauen, sodass unsere Zusammenarbeit auf Vertrauen basiert.<br>Ich sehe es als meine Verantwortung, als Art Moderator einen sicheren Raum zu schaffen, in dem sich <em>Ver\u00e4nderung, Verwirklichung, Inspiration <\/em>und <em>Umschwung<\/em> entfalten k\u00f6nnen.<\/p>\n<\/div><\/div><\/div><\/div><\/div><\/div>\n\n\n\n<div class=\"wp-block-ugb-button ugb-button-wrapper ugb-40d765e ugb-main-block\"><div class=\"ugb-inner-block\"><div class=\"ugb-block-content\"><div class=\"ugb-button-container\"><a class=\"ugb-button1 ugb-button ugb-button--size-normal\" href=\"https:\/\/calendly.com\/risingtofreedom\/lets-chat?month=2022-06\" target=\"_blank\" rel=\"noopener noreferrer\" title=\"\"><span class=\"ugb-button--inner\">Beginne deine Reise JETZT<\/span><\/a><\/div><\/div><\/div><\/div>\n\n\n\n<p><\/p>\n","protected":false},"excerpt":{"rendered":"","protected":false},"author":1,"featured_media":0,"parent":0,"menu_order":0,"comment_status":"closed","ping_status":"closed","template":"","meta":[],"translation":{"provider":"WPGlobus","version":"2.6.8","language":"de","enabled_languages":["en","de"],"languages":{"en":{"title":true,"content":true,"excerpt":false},"de":{"title":true,"content":true,"excerpt":false}}},"featured_image_urls":{"full":"","thumbnail":"","medium":"","medium_large":"","large":"","1536x1536":"","2048x2048":"","post-thumbnail":"","bold-photography-testimonial":"","bold-photography-stats":"","bold-photography-team":"","bold-photography-logo-slider":"","bold-photography-portfolio":""},"post_excerpt_stackable":"<p>Life Coaching Gibt es eine Kluft zwischen der momentanen Realit\u00e4t und dem Leben, das du gerne f\u00fchren m\u00f6chtest, dem Leben, das du verdienst? Wenn ja, dann bietet dir Life Coaching die Gelegenheit, mehr herauszufinden \u00fcber deine Ziele und deine Tr\u00e4ume, sowie den Lebenssinn und besser zu verstehen, wer du wirklich bist. Es er\u00f6ffnet dir die M\u00f6glichkeit, deine Gewohnheiten, deine Verhaltensmuster und die Art und Weise, wie du dich selbst siehst, zu hinterfragen und zu \u00e4ndern. Ich bin \u00fcberzeugt: Wenn du denkst, dass dir das Leben doch mehr bieten m\u00fcsste als im Moment, dann wird da wohl etwas Wahres dran sein.&hellip;<\/p>\n","category_list":"","author_info":{"name":"mars04","url":"https:\/\/risingtofreedom.com\/de\/author\/mars04\/"},"comments_num":"0 comments","_links":{"self":[{"href":"https:\/\/risingtofreedom.com\/de\/wp-json\/wp\/v2\/pages\/1274"}],"collection":[{"href":"https:\/\/risingtofreedom.com\/de\/wp-json\/wp\/v2\/pages"}],"about":[{"href":"https:\/\/risingtofreedom.com\/de\/wp-json\/wp\/v2\/types\/page"}],"author":[{"embeddable":true,"href":"https:\/\/risingtofreedom.com\/de\/wp-json\/wp\/v2\/users\/1"}],"replies":[{"embeddable":true,"href":"https:\/\/risingtofreedom.com\/de\/wp-json\/wp\/v2\/comments?post=1274"}],"version-history":[{"count":9,"href":"https:\/\/risingtofreedom.com\/de\/wp-json\/wp\/v2\/pages\/1274\/revisions"}],"predecessor-version":[{"id":1874,"href":"https:\/\/risingtofreedom.com\/de\/wp-json\/wp\/v2\/pages\/1274\/revisions\/1874"}],"wp:attachment":[{"href":"https:\/\/risingtofreedom.com\/de\/wp-json\/wp\/v2\/media?parent=1274"}],"curies":[{"name":"wp","href":"https:\/\/api.w.org\/{rel}","templated":true}]}}