{"id":1217,"date":"2020-04-12T14:46:47","date_gmt":"2020-04-12T14:46:47","guid":{"rendered":"http:\/\/risingtofreedom.com\/?page_id=1217"},"modified":"2022-06-09T18:22:59","modified_gmt":"2022-06-09T18:22:59","slug":"about-me","status":"publish","type":"page","link":"https:\/\/risingtofreedom.com\/de\/about-me\/","title":{"rendered":"\u00dcber mich"},"content":{"rendered":"\n<div class=\"alignfull wp-block-ugb-feature ugb-feature ugb-d2be7c2 ugb-feature--v2 ugb-feature--design-basic ugb-main-block ugb-main-block--inner-full ugb--has-block-background\"><style>.ugb-d2be7c2 .ugb-feature__item{background-color:#f8f4eb !important}.ugb-d2be7c2 .ugb-feature__item:before{background-color:#f8f4eb !important}.ugb-d2be7c2 .ugb-feature__title{margin-bottom:-2px !important}.ugb-d2be7c2 .ugb-feature__description{font-size:16px !important;margin-bottom:100px !important}.ugb-d2be7c2 .ugb-inner-block{text-align:left}.ugb-d2be7c2.ugb-feature{align-items:center;background-color:#ffffff}.ugb-d2be7c2.ugb-feature:before{background-color:#ffffff}@media screen and (min-width:768px){.ugb-d2be7c2 .ugb-feature__item{grid-template-columns:1.24fr 0.76fr !important}.ugb-d2be7c2 .ugb-img{border-radius:0px;width:450px;height:auto !important}.ugb-d2be7c2.ugb-feature{margin-top:-150px !important;padding-right:50px !important;padding-bottom:73px !important;padding-left:50px !important}}<\/style><div class=\"ugb-inner-block ugb-inner-block--full\"><div class=\"ugb-block-content\"><div class=\"ugb-feature__item\"><div class=\"ugb-feature__content\"><h2 class=\"ugb-feature__title\">\u00dcber mich<\/h2><p class=\"ugb-feature__description\"><br><br>Ich bin Life Coach und habe meine Ausbildung bei Animas Centre of Coaching gemacht, au\u00dferdem bin ich Schauspieler. Ich bezeichne mich als \u201eRebell aus gutem Grund\u201c, da ich immer nach mehr strebe, neue Ziele anvisiere und versuche, Tr\u00e4ume zu realisieren &#8211; nach meinen eigenen Regeln\/ Vorstellungen. Ich mache das, ohne dass ich mir selbst oder der Gesellschaft erlaube, mich in eine Schublade zu stecken, sondern indem ich an mir arbeite und im Einklang mit meinen Werten und moralischen Vorstellungen lebe.<br><br>Meine ersten Erfahrungen auf dem Gebiet des Coachings sammelte ich im Gymnasium als Peer Mentor und Peer Mediator. Ich war begeistert von der Idee, f\u00fcr andere da zu sein, zu helfen, manchmal auch nur als Zuh\u00f6rer, immer jedoch ohne dar\u00fcber zu urteilen.<br>Durch meine Schauspielerfahrung lerne ich sehr viel \u00fcber das Verhalten der Menschen, \u00fcber unsere Gef\u00fchle und Gedanken, indem ich auf meine eigenen tiefsten Gef\u00fchle und Gedanken zur\u00fcckgreifen muss.<br><br>Eine der wichtigsten Tatsachen habe ich w\u00e4hrend der zehn Jahre gelernt, in denen ich Handball gespielt habe, bei meinem Kung-Fu-Training und im Sport allgemein, n\u00e4mlich, dass es fast immer leichter ist, im Team zusammenzuarbeiten, wenn man weiterkommen m\u00f6chte im Leben. Das zeigt sich auch bei meinem Coaching, wenn ich Seite an Seite mit meinen Klienten gehe.<br><br>Alle Menschen haben das Grundrecht auf ein erf\u00fclltes Leben und darauf, das zu tun, was sie lieben und ihnen wichtig ist \u2013 das ist einer der Gr\u00fcnde, warum ich Coach geworden bin.<\/p><\/div><div class=\"ugb-feature__image-side\"><img class=\"ugb-feature__image ugb-img wp-image-1218\" src=\"http:\/\/risingtofreedom.com\/wp-content\/uploads\/2020\/04\/Martin-Sch\u00f6ndorfer_lifeacoach-1-scaled.jpg\" alt=\"Martin Sch\u00f6ndorfer\" height=\"488\" srcset=\"https:\/\/risingtofreedom.com\/wp-content\/uploads\/2020\/04\/Martin-Sch\u00f6ndorfer_lifeacoach-1-scaled.jpg 2357w, https:\/\/risingtofreedom.com\/wp-content\/uploads\/2020\/04\/Martin-Sch\u00f6ndorfer_lifeacoach-1-276x300.jpg 276w, https:\/\/risingtofreedom.com\/wp-content\/uploads\/2020\/04\/Martin-Sch\u00f6ndorfer_lifeacoach-1-943x1024.jpg 943w, https:\/\/risingtofreedom.com\/wp-content\/uploads\/2020\/04\/Martin-Sch\u00f6ndorfer_lifeacoach-1-768x834.jpg 768w, https:\/\/risingtofreedom.com\/wp-content\/uploads\/2020\/04\/Martin-Sch\u00f6ndorfer_lifeacoach-1-1414x1536.jpg 1414w, https:\/\/risingtofreedom.com\/wp-content\/uploads\/2020\/04\/Martin-Sch\u00f6ndorfer_lifeacoach-1-1886x2048.jpg 1886w\" sizes=\"(max-width: 2357px) 100vw, 2357px\" \/><\/div><\/div><\/div><\/div><\/div>\n\n\n\n<ul class=\"wp-block-social-links aligncenter is-style-default\"><li class=\"wp-social-link wp-social-link-facebook wp-block-social-link\"><a href=\"https:\/\/www.facebook.com\/groups\/1422089518130290\" aria-label=\"Facebook\"  class=\"wp-block-social-link-anchor\"> <svg width=\"24\" height=\"24\" viewBox=\"0 0 24 24\" version=\"1.1\" xmlns=\"http:\/\/www.w3.org\/2000\/svg\" role=\"img\" aria-hidden=\"true\" focusable=\"false\"><path d=\"M12 2C6.5 2 2 6.5 2 12c0 5 3.7 9.1 8.4 9.9v-7H7.9V12h2.5V9.8c0-2.5 1.5-3.9 3.8-3.9 1.1 0 2.2.2 2.2.2v2.5h-1.3c-1.2 0-1.6.8-1.6 1.6V12h2.8l-.4 2.9h-2.3v7C18.3 21.1 22 17 22 12c0-5.5-4.5-10-10-10z\"><\/path><\/svg><\/a><\/li>\n\n<li class=\"wp-social-link wp-social-link-instagram wp-block-social-link\"><a href=\"https:\/\/www.instagram.com\/martinschoendorfer\/\" aria-label=\"Instagram\"  class=\"wp-block-social-link-anchor\"> <svg width=\"24\" height=\"24\" viewBox=\"0 0 24 24\" version=\"1.1\" xmlns=\"http:\/\/www.w3.org\/2000\/svg\" role=\"img\" aria-hidden=\"true\" focusable=\"false\"><path d=\"M12,4.622c2.403,0,2.688,0.009,3.637,0.052c0.877,0.04,1.354,0.187,1.671,0.31c0.42,0.163,0.72,0.358,1.035,0.673 c0.315,0.315,0.51,0.615,0.673,1.035c0.123,0.317,0.27,0.794,0.31,1.671c0.043,0.949,0.052,1.234,0.052,3.637 s-0.009,2.688-0.052,3.637c-0.04,0.877-0.187,1.354-0.31,1.671c-0.163,0.42-0.358,0.72-0.673,1.035 c-0.315,0.315-0.615,0.51-1.035,0.673c-0.317,0.123-0.794,0.27-1.671,0.31c-0.949,0.043-1.233,0.052-3.637,0.052 s-2.688-0.009-3.637-0.052c-0.877-0.04-1.354-0.187-1.671-0.31c-0.42-0.163-0.72-0.358-1.035-0.673 c-0.315-0.315-0.51-0.615-0.673-1.035c-0.123-0.317-0.27-0.794-0.31-1.671C4.631,14.688,4.622,14.403,4.622,12 s0.009-2.688,0.052-3.637c0.04-0.877,0.187-1.354,0.31-1.671c0.163-0.42,0.358-0.72,0.673-1.035 c0.315-0.315,0.615-0.51,1.035-0.673c0.317-0.123,0.794-0.27,1.671-0.31C9.312,4.631,9.597,4.622,12,4.622 M12,3 C9.556,3,9.249,3.01,8.289,3.054C7.331,3.098,6.677,3.25,6.105,3.472C5.513,3.702,5.011,4.01,4.511,4.511 c-0.5,0.5-0.808,1.002-1.038,1.594C3.25,6.677,3.098,7.331,3.054,8.289C3.01,9.249,3,9.556,3,12c0,2.444,0.01,2.751,0.054,3.711 c0.044,0.958,0.196,1.612,0.418,2.185c0.23,0.592,0.538,1.094,1.038,1.594c0.5,0.5,1.002,0.808,1.594,1.038 c0.572,0.222,1.227,0.375,2.185,0.418C9.249,20.99,9.556,21,12,21s2.751-0.01,3.711-0.054c0.958-0.044,1.612-0.196,2.185-0.418 c0.592-0.23,1.094-0.538,1.594-1.038c0.5-0.5,0.808-1.002,1.038-1.594c0.222-0.572,0.375-1.227,0.418-2.185 C20.99,14.751,21,14.444,21,12s-0.01-2.751-0.054-3.711c-0.044-0.958-0.196-1.612-0.418-2.185c-0.23-0.592-0.538-1.094-1.038-1.594 c-0.5-0.5-1.002-0.808-1.594-1.038c-0.572-0.222-1.227-0.375-2.185-0.418C14.751,3.01,14.444,3,12,3L12,3z M12,7.378 c-2.552,0-4.622,2.069-4.622,4.622S9.448,16.622,12,16.622s4.622-2.069,4.622-4.622S14.552,7.378,12,7.378z M12,15 c-1.657,0-3-1.343-3-3s1.343-3,3-3s3,1.343,3,3S13.657,15,12,15z M16.804,6.116c-0.596,0-1.08,0.484-1.08,1.08 s0.484,1.08,1.08,1.08c0.596,0,1.08-0.484,1.08-1.08S17.401,6.116,16.804,6.116z\"><\/path><\/svg><\/a><\/li>\n\n<li class=\"wp-social-link wp-social-link-linkedin wp-block-social-link\"><a href=\"https:\/\/www.linkedin.com\/in\/martin-schoendorfer-certified-life-coach\/\" aria-label=\"LinkedIn\"  class=\"wp-block-social-link-anchor\"> <svg width=\"24\" height=\"24\" viewBox=\"0 0 24 24\" version=\"1.1\" xmlns=\"http:\/\/www.w3.org\/2000\/svg\" role=\"img\" aria-hidden=\"true\" focusable=\"false\"><path d=\"M19.7,3H4.3C3.582,3,3,3.582,3,4.3v15.4C3,20.418,3.582,21,4.3,21h15.4c0.718,0,1.3-0.582,1.3-1.3V4.3 C21,3.582,20.418,3,19.7,3z M8.339,18.338H5.667v-8.59h2.672V18.338z M7.004,8.574c-0.857,0-1.549-0.694-1.549-1.548 c0-0.855,0.691-1.548,1.549-1.548c0.854,0,1.547,0.694,1.547,1.548C8.551,7.881,7.858,8.574,7.004,8.574z M18.339,18.338h-2.669 v-4.177c0-0.996-0.017-2.278-1.387-2.278c-1.389,0-1.601,1.086-1.601,2.206v4.249h-2.667v-8.59h2.559v1.174h0.037 c0.356-0.675,1.227-1.387,2.526-1.387c2.703,0,3.203,1.779,3.203,4.092V18.338z\"><\/path><\/svg><\/a><\/li><\/ul>\n\n\n\n<p><\/p>\n","protected":false},"excerpt":{"rendered":"","protected":false},"author":1,"featured_media":0,"parent":0,"menu_order":0,"comment_status":"closed","ping_status":"closed","template":"","meta":[],"translation":{"provider":"WPGlobus","version":"2.6.8","language":"de","enabled_languages":["en","de"],"languages":{"en":{"title":true,"content":true,"excerpt":false},"de":{"title":true,"content":true,"excerpt":false}}},"featured_image_urls":{"full":"","thumbnail":"","medium":"","medium_large":"","large":"","1536x1536":"","2048x2048":"","post-thumbnail":"","bold-photography-testimonial":"","bold-photography-stats":"","bold-photography-team":"","bold-photography-logo-slider":"","bold-photography-portfolio":""},"post_excerpt_stackable":"<p>\u00dcber michIch bin Life Coach und habe meine Ausbildung bei Animas Centre of Coaching gemacht, au\u00dferdem bin ich Schauspieler. Ich bezeichne mich als \u201eRebell aus gutem Grund\u201c, da ich immer nach mehr strebe, neue Ziele anvisiere und versuche, Tr\u00e4ume zu realisieren &#8211; nach meinen eigenen Regeln\/ Vorstellungen. Ich mache das, ohne dass ich mir selbst oder der Gesellschaft erlaube, mich in eine Schublade zu stecken, sondern indem ich an mir arbeite und im Einklang mit meinen Werten und moralischen Vorstellungen lebe.Meine ersten Erfahrungen auf dem Gebiet des Coachings sammelte ich im Gymnasium als Peer Mentor und Peer Mediator. Ich war&hellip;<\/p>\n","category_list":"","author_info":{"name":"mars04","url":"https:\/\/risingtofreedom.com\/de\/author\/mars04\/"},"comments_num":"0 comments","_links":{"self":[{"href":"https:\/\/risingtofreedom.com\/de\/wp-json\/wp\/v2\/pages\/1217"}],"collection":[{"href":"https:\/\/risingtofreedom.com\/de\/wp-json\/wp\/v2\/pages"}],"about":[{"href":"https:\/\/risingtofreedom.com\/de\/wp-json\/wp\/v2\/types\/page"}],"author":[{"embeddable":true,"href":"https:\/\/risingtofreedom.com\/de\/wp-json\/wp\/v2\/users\/1"}],"replies":[{"embeddable":true,"href":"https:\/\/risingtofreedom.com\/de\/wp-json\/wp\/v2\/comments?post=1217"}],"version-history":[{"count":10,"href":"https:\/\/risingtofreedom.com\/de\/wp-json\/wp\/v2\/pages\/1217\/revisions"}],"predecessor-version":[{"id":1855,"href":"https:\/\/risingtofreedom.com\/de\/wp-json\/wp\/v2\/pages\/1217\/revisions\/1855"}],"wp:attachment":[{"href":"https:\/\/risingtofreedom.com\/de\/wp-json\/wp\/v2\/media?parent=1217"}],"curies":[{"name":"wp","href":"https:\/\/api.w.org\/{rel}","templated":true}]}}